{"id":113,"date":"2017-07-13T05:20:38","date_gmt":"2017-07-13T05:20:38","guid":{"rendered":"http:\/\/victorthemes.com\/themes\/livesay\/?page_id=113"},"modified":"2020-03-10T10:56:51","modified_gmt":"2020-03-10T07:56:51","slug":"home-one","status":"publish","type":"page","link":"http:\/\/www.atasahne.com\/","title":{"rendered":"Anasayfa"},"content":{"rendered":"<div class=\"vc_row wpb_row lvsy-dhav-dotted vc_row-fluid vc_custom_1583392471740\"><div class=\"wpb_column vc_column_container text-default vc_col-sm-12\"><div class=\"vc_column-inner \"><div class=\"wpb_wrapper\">\n\t\t\t<!-- START FullScreen Menu REVOLUTION SLIDER 6.1.8 --><p class=\"rs-p-wp-fix\"><\/p>\n\t\t\t<rs-module-wrap id=\"rev_slider_147_1_wrapper\" data-source=\"gallery\" style=\"background:transparent;padding:0;\">\n\t\t\t\t<rs-module id=\"rev_slider_147_1\" style=\"display:none;\" data-version=\"6.1.8\">\n\t\t\t\t\t<rs-slides>\n\t\t\t\t\t\t<rs-slide data-key=\"rs-268\" data-title=\"Style Guide\" data-thumb=\"\/\/www.atasahne.com\/wp-content\/uploads\/revslider\/guide-100x50.jpg\" data-anim=\"ei:Power2.easeInOut;eo:Power2.easeInOut;s:1000;r:0;t:slidevertical;sl:d;\" data-firstanim=\"t:fade;s:500;sl:7;\">\n\t\t\t\t\t\t\t<img loading=\"lazy\" decoding=\"async\" src=\"\/\/www.atasahne.com\/wp-content\/plugins\/revslider\/public\/assets\/assets\/dummy.png\" title=\"tedPanorama-1 copy2 copy\" width=\"1920\" height=\"833\" data-lazyload=\"\/\/www.atasahne.com\/wp-content\/uploads\/2020\/03\/tedPanorama-1-copy2-copy-1.jpg\" data-parallax=\"8\" class=\"rev-slidebg\" data-no-retina>\n<!--\n\t\t\t\t\t\t\t--><rs-layer\n\t\t\t\t\t\t\t\tid=\"slider-147-slide-268-layer-1\" \n\t\t\t\t\t\t\t\tclass=\"FullScreenMenu-Title\"\n\t\t\t\t\t\t\t\tdata-type=\"text\"\n\t\t\t\t\t\t\t\tdata-color=\"rgba(255,255,255,1)\"\n\t\t\t\t\t\t\t\tdata-rsp_ch=\"on\"\n\t\t\t\t\t\t\t\tdata-xy=\"xo:100px,50px,50px,40px;y:b;yo:130px,130px,130px,120px;\"\n\t\t\t\t\t\t\t\tdata-text=\"w:nowrap,nowrap,normal,normal;s:65,50,50,40;l:70,55,55,45;fw:700;\"\n\t\t\t\t\t\t\t\tdata-dim=\"w:auto,auto,480px,360px;\"\n\t\t\t\t\t\t\t\tdata-basealign=\"slide\"\n\t\t\t\t\t\t\t\tdata-padding=\"t:21;r:30;b:16;l:30;\"\n\t\t\t\t\t\t\t\tdata-frame_0=\"y:bottom;o:1;tp:600;\"\n\t\t\t\t\t\t\t\tdata-frame_1=\"tp:600;e:Power4.easeOut;st:100;sp:1500;\"\n\t\t\t\t\t\t\t\tdata-frame_999=\"y:-50px;o:0;tp:600;e:Power2.easeInOut;st:w;sp:500;\"\n\t\t\t\t\t\t\t\tstyle=\"z-index:6;background-color:rgba(17,17,17,0.90);font-family:BenchNine;\"\n\t\t\t\t\t\t\t> <span style=\"color:#777;\">Sahne Sanatlar\u0131 ve G\u00f6steri Merkezi<\/span> \n\t\t\t\t\t\t\t<\/rs-layer><!--\n\n\t\t\t\t\t\t\t--><rs-layer\n\t\t\t\t\t\t\t\tid=\"slider-147-slide-268-layer-3\" \n\t\t\t\t\t\t\t\tclass=\"FullScreenMenu-Category\"\n\t\t\t\t\t\t\t\tdata-type=\"text\"\n\t\t\t\t\t\t\t\tdata-color=\"rgba(17,17,17,1)\"\n\t\t\t\t\t\t\t\tdata-rsp_ch=\"on\"\n\t\t\t\t\t\t\t\tdata-xy=\"xo:100px,50px,50px,40px;y:b;yo:239px,224px,279px,249px;\"\n\t\t\t\t\t\t\t\tdata-text=\"s:40,40,40,20;l:20;ls:3px;fw:700;\"\n\t\t\t\t\t\t\t\tdata-basealign=\"slide\"\n\t\t\t\t\t\t\t\tdata-padding=\"t:18;r:30;b:16;l:30;\"\n\t\t\t\t\t\t\t\tdata-frame_0=\"y:bottom;o:1;tp:600;\"\n\t\t\t\t\t\t\t\tdata-frame_1=\"tp:600;e:Power4.easeOut;sp:1500;\"\n\t\t\t\t\t\t\t\tdata-frame_999=\"y:-50px;o:0;tp:600;e:Power2.easeInOut;st:w;sp:500;\"\n\t\t\t\t\t\t\t\tstyle=\"z-index:5;background-color:rgba(255,255,255,0.90);font-family:BenchNine;\"\n\t\t\t\t\t\t\t>ATASAHNE \n\t\t\t\t\t\t\t<\/rs-layer><!--\n-->\t\t\t\t\t\t<\/rs-slide>\n\t\t\t\t\t\t<rs-slide data-key=\"rs-269\" data-title=\"Work Equipment\" data-thumb=\"\/\/www.atasahne.com\/wp-content\/uploads\/revslider\/macbook-100x50.jpg\" data-anim=\"ei:Power2.easeInOut;eo:Power2.easeInOut;s:1000;r:0;t:slidevertical;sl:d;\">\n\t\t\t\t\t\t\t<img loading=\"lazy\" decoding=\"async\" src=\"\/\/www.atasahne.com\/wp-content\/plugins\/revslider\/public\/assets\/assets\/dummy.png\" title=\"ERA02731 copy\" width=\"1900\" height=\"1267\" data-lazyload=\"\/\/www.atasahne.com\/wp-content\/uploads\/2020\/03\/ERA02731-copy-1.jpg\" data-parallax=\"8\" class=\"rev-slidebg\" data-no-retina>\n<!--\n\t\t\t\t\t\t\t--><rs-layer\n\t\t\t\t\t\t\t\tid=\"slider-147-slide-269-layer-1\" \n\t\t\t\t\t\t\t\tclass=\"FullScreenMenu-Title\"\n\t\t\t\t\t\t\t\tdata-type=\"text\"\n\t\t\t\t\t\t\t\tdata-color=\"rgba(255,255,255,1)\"\n\t\t\t\t\t\t\t\tdata-rsp_ch=\"on\"\n\t\t\t\t\t\t\t\tdata-xy=\"xo:100px,50px,50px,40px;y:b;yo:130px,130px,130px,120px;\"\n\t\t\t\t\t\t\t\tdata-text=\"w:nowrap,nowrap,normal,normal;s:65,50,50,40;l:70,55,55,45;fw:700;\"\n\t\t\t\t\t\t\t\tdata-dim=\"w:auto,auto,480px,360px;\"\n\t\t\t\t\t\t\t\tdata-basealign=\"slide\"\n\t\t\t\t\t\t\t\tdata-padding=\"t:21;r:30;b:16;l:30;\"\n\t\t\t\t\t\t\t\tdata-frame_0=\"y:bottom;o:1;tp:600;\"\n\t\t\t\t\t\t\t\tdata-frame_1=\"tp:600;e:Power4.easeOut;st:100;sp:1500;\"\n\t\t\t\t\t\t\t\tdata-frame_999=\"y:-50px;o:0;tp:600;e:Power2.easeInOut;st:w;sp:500;\"\n\t\t\t\t\t\t\t\tstyle=\"z-index:6;background-color:rgba(17,17,17,0.90);font-family:BenchNine;\"\n\t\t\t\t\t\t\t>1. S\u0131n\u0131f <span style=\"color:#777;\">Hizmet<\/span> \n\t\t\t\t\t\t\t<\/rs-layer><!--\n\n\t\t\t\t\t\t\t--><rs-layer\n\t\t\t\t\t\t\t\tid=\"slider-147-slide-269-layer-3\" \n\t\t\t\t\t\t\t\tclass=\"FullScreenMenu-Category\"\n\t\t\t\t\t\t\t\tdata-type=\"text\"\n\t\t\t\t\t\t\t\tdata-color=\"rgba(17,17,17,1)\"\n\t\t\t\t\t\t\t\tdata-rsp_ch=\"on\"\n\t\t\t\t\t\t\t\tdata-xy=\"xo:100px,50px,50px,40px;y:b;yo:239px,224px,279px,249px;\"\n\t\t\t\t\t\t\t\tdata-text=\"l:20;ls:3px;fw:700;\"\n\t\t\t\t\t\t\t\tdata-basealign=\"slide\"\n\t\t\t\t\t\t\t\tdata-padding=\"t:18;r:30;b:16;l:30;\"\n\t\t\t\t\t\t\t\tdata-frame_0=\"y:bottom;o:1;tp:600;\"\n\t\t\t\t\t\t\t\tdata-frame_1=\"tp:600;e:Power4.easeOut;sp:1500;\"\n\t\t\t\t\t\t\t\tdata-frame_999=\"y:-50px;o:0;tp:600;e:Power2.easeInOut;st:w;sp:500;\"\n\t\t\t\t\t\t\t\tstyle=\"z-index:5;background-color:rgba(255,255,255,0.90);font-family:BenchNine;\"\n\t\t\t\t\t\t\t>ATASAHNE \n\t\t\t\t\t\t\t<\/rs-layer><!--\n\n\t\t\t\t\t\t\t--><rs-layer\n\t\t\t\t\t\t\t\tid=\"slider-147-slide-269-layer-4\" \n\t\t\t\t\t\t\t\tclass=\"FullScreenMenu-Category\"\n\t\t\t\t\t\t\t\tdata-type=\"text\"\n\t\t\t\t\t\t\t\tdata-color=\"rgba(255,255,255,1)\"\n\t\t\t\t\t\t\t\tdata-rsp_ch=\"on\"\n\t\t\t\t\t\t\t\tdata-xy=\"xo:100px,50px,50px,40px;y:b;yo:74px,74px,74px,64px;\"\n\t\t\t\t\t\t\t\tdata-text=\"l:20;ls:3px;fw:700;\"\n\t\t\t\t\t\t\t\tdata-actions='o:click;a:scrollbelow;sp:300;e:Linear.easeNone;'\n\t\t\t\t\t\t\t\tdata-basealign=\"slide\"\n\t\t\t\t\t\t\t\tdata-padding=\"t:18;r:30;b:16;l:30;\"\n\t\t\t\t\t\t\t\tdata-frame_0=\"y:bottom;o:1;tp:600;\"\n\t\t\t\t\t\t\t\tdata-frame_1=\"tp:600;e:Power4.easeOut;st:200;sp:1500;\"\n\t\t\t\t\t\t\t\tdata-frame_999=\"y:-50px;o:0;tp:600;e:Power2.easeInOut;st:w;sp:500;\"\n\t\t\t\t\t\t\t\tdata-frame_hover=\"c:#111;bgc:rgba(255,255,255,0.90);oX:50;oY:50;sp:100;e:Power1.easeInOut;\"\n\t\t\t\t\t\t\t\tstyle=\"z-index:7;background-color:rgba(17,17,17,0.90);font-family:BenchNine;cursor:pointer;\"\n\t\t\t\t\t\t\t><a href =\"http:\/\/www.atasahne.com\/index.php\/hizmetlerimiz\/\">Devam\u0131<i class=\"fa-chevron-right\" style=\"font-size:12px;margin-left:10px;\"><\/i><\/a> \n\t\t\t\t\t\t\t<\/rs-layer><!--\n-->\t\t\t\t\t\t<\/rs-slide>\n\t\t\t\t\t<\/rs-slides>\n\t\t\t\t\t<rs-static-layers><!--\n\n\t\t\t\t\t\t\t--><rs-layer\n\t\t\t\t\t\t\t\tid=\"toggledmenu\" \n\t\t\t\t\t\t\t\tclass=\"rev-btn rs-layer-static\"\n\t\t\t\t\t\t\t\tdata-type=\"button\"\n\t\t\t\t\t\t\t\tdata-color=\"rgba(255,255,255,1)\"\n\t\t\t\t\t\t\t\tdata-xy=\"x:r;xo:100px,50px,40px,20px;yo:70px,50px,40px,20px;\"\n\t\t\t\t\t\t\t\tdata-text=\"s:40;l:40;fw:500;a:center;\"\n\t\t\t\t\t\t\t\tdata-dim=\"w:64px;h:65px;\"\n\t\t\t\t\t\t\t\tdata-vbility=\"f,f,f,f\"\n\t\t\t\t\t\t\t\tdata-actions='o:click;a:togglelayer;ls:hidden;layer:slider-147-slide-107-layer-3;||o:click;a:togglelayer;ls:hidden;layer:slider-147-slide-107-layer-5;d:100;||o:click;a:togglelayer;ls:hidden;layer:slider-147-slide-107-layer-6;d:150;||o:click;a:togglelayer;ls:hidden;layer:slider-147-slide-107-layer-7;d:250;||o:click;a:togglelayer;ls:hidden;layer:slider-147-slide-107-layer-8;d:300;||o:click;a:togglelayer;ls:hidden;layer:slider-147-slide-107-layer-9;d:350;||o:click;a:togglelayer;ls:hidden;layer:slider-147-slide-107-layer-10;||o:click;a:togglelayer;ls:hidden;layer:slider-147-slide-107-layer-11;||o:click;a:togglelayer;ls:hidden;layer:slider-147-slide-107-layer-12;||o:click;a:toggleclass;layer:toggledmenu;class:toggled_menu;||o:click;a:togglelayer;ls:hidden;layer:slider-147-slide-107-layer-15;d:200;'\n\t\t\t\t\t\t\t\tdata-basealign=\"slide\"\n\t\t\t\t\t\t\t\tdata-rsp_o=\"off\"\n\t\t\t\t\t\t\t\tdata-rsp_bd=\"off\"\n\t\t\t\t\t\t\t\tdata-onslides=\"s:1;\"\n\t\t\t\t\t\t\t\tdata-padding=\"t:12;r:15;b:12;l:15;\"\n\t\t\t\t\t\t\t\tdata-frame_0=\"tp:600;\"\n\t\t\t\t\t\t\t\tdata-frame_1=\"tp:600;e:Power2.easeInOut;\"\n\t\t\t\t\t\t\t\tdata-frame_999=\"o:0;tp:600;e:nothing;st:w;sR:8700;\"\n\t\t\t\t\t\t\t\tdata-frame_hover=\"c:#111;bgc:rgba(255,255,255,0.90);boc:#000;bor:0px,0px,0px,0px;bos:solid;oX:50;oY:50;sp:100;e:Power1.easeInOut;\"\n\t\t\t\t\t\t\t\tstyle=\"z-index:24;background-color:rgba(17,17,17,0.90);font-family:Roboto;cursor:pointer;outline:none;box-shadow:none;box-sizing:border-box;-moz-box-sizing:border-box;-webkit-box-sizing:border-box;\"\n\t\t\t\t\t\t\t>\n\t\t\t\t\t\t\t\t<div class=\"rs-untoggled-content\"><i class=\"fa-navicon\"><\/i> <\/div>\n\t\t\t\t\t\t\t\t<div class=\"rs-toggled-content\"><i class=\"fa-remove\"><\/i><\/div>\n\t\t\t\t\t\t\t<\/rs-layer><!--\n\n\t\t\t\t\t\t\t--><rs-layer\n\t\t\t\t\t\t\t\tid=\"slider-147-slide-107-layer-3\" \n\t\t\t\t\t\t\t\tclass=\"tp-shape tp-shapewrapper rs-layer-static\"\n\t\t\t\t\t\t\t\tdata-type=\"shape\"\n\t\t\t\t\t\t\t\tdata-xy=\"x:c;y:m;\"\n\t\t\t\t\t\t\t\tdata-text=\"fw:500;\"\n\t\t\t\t\t\t\t\tdata-dim=\"w:100%;h:100%;\"\n\t\t\t\t\t\t\t\tdata-vbility=\"f,f,f,f\"\n\t\t\t\t\t\t\t\tdata-basealign=\"slide\"\n\t\t\t\t\t\t\t\tdata-rsp_o=\"off\"\n\t\t\t\t\t\t\t\tdata-rsp_bd=\"off\"\n\t\t\t\t\t\t\t\tdata-onslides=\"s:1;\"\n\t\t\t\t\t\t\t\tdata-triggercache=\"keep\"\n\t\t\t\t\t\t\t\tdata-frame_0=\"tp:600;\"\n\t\t\t\t\t\t\t\tdata-frame_1=\"tp:600;e:Power2.easeInOut;sp:800;st:a;\"\n\t\t\t\t\t\t\t\tdata-frame_999=\"o:0;tp:600;e:Power3.easeIn;st:a;sp:800;sR:8200;\"\n\t\t\t\t\t\t\t\tstyle=\"z-index:23;background-color:rgba(17,17,17,0.85);\"\n\t\t\t\t\t\t\t> \n\t\t\t\t\t\t\t<\/rs-layer><!--\n\n\t\t\t\t\t\t\t--><rs-layer\n\t\t\t\t\t\t\t\tid=\"slider-147-slide-107-layer-5\" \n\t\t\t\t\t\t\t\tclass=\"rs-layer-static\"\n\t\t\t\t\t\t\t\tdata-type=\"text\"\n\t\t\t\t\t\t\t\tdata-color=\"rgba(255,255,255,1)\"\n\t\t\t\t\t\t\t\tdata-rsp_ch=\"on\"\n\t\t\t\t\t\t\t\tdata-xy=\"x:c;yo:200px;\"\n\t\t\t\t\t\t\t\tdata-text=\"s:40,40,30,30;l:40,40,30,30;ls:3px;\"\n\t\t\t\t\t\t\t\tdata-vbility=\"f,f,f,f\"\n\t\t\t\t\t\t\t\tdata-actions='o:click;a:jumptoslide;slide:rs-268;||o:click;a:simulateclick;layer:toggledmenu;'\n\t\t\t\t\t\t\t\tdata-onslides=\"s:1;\"\n\t\t\t\t\t\t\t\tdata-triggercache=\"keep\"\n\t\t\t\t\t\t\t\tdata-frame_0=\"sX:1.1;sY:1.1;tp:600;\"\n\t\t\t\t\t\t\t\tdata-frame_1=\"tp:600;e:Power3.easeOut;st:a;sp:1000;sR:500;\"\n\t\t\t\t\t\t\t\tdata-frame_999=\"x:0;y:0;z:0;sX:0.9;sY:0.9;o:0;rX:0;rY:0;rZ:0;skX:0;skY:0;tp:600;e:Power3.easeIn;st:a;sp:500;sR:7500;\"\n\t\t\t\t\t\t\t\tdata-frame_hover=\"c:rgba(255,255,255,0.50);oX:50;oY:50;sp:100;e:Power1.easeInOut;\"\n\t\t\t\t\t\t\t\tstyle=\"z-index:25;font-family:BenchNine;cursor:pointer;\"\n\t\t\t\t\t\t\t>ATASAHNE \n\t\t\t\t\t\t\t<\/rs-layer><!--\n\n\t\t\t\t\t\t\t--><rs-layer\n\t\t\t\t\t\t\t\tid=\"slider-147-slide-107-layer-9\" \n\t\t\t\t\t\t\t\tclass=\"tp-shape tp-shapewrapper rs-layer-static\"\n\t\t\t\t\t\t\t\tdata-type=\"shape\"\n\t\t\t\t\t\t\t\tdata-rsp_ch=\"on\"\n\t\t\t\t\t\t\t\tdata-xy=\"x:c;y:b;yo:110px;\"\n\t\t\t\t\t\t\t\tdata-dim=\"w:100%;h:2px;\"\n\t\t\t\t\t\t\t\tdata-basealign=\"slide\"\n\t\t\t\t\t\t\t\tdata-onslides=\"s:1;\"\n\t\t\t\t\t\t\t\tdata-triggercache=\"keep\"\n\t\t\t\t\t\t\t\tdata-frame_0=\"y:20px;tp:600;\"\n\t\t\t\t\t\t\t\tdata-frame_1=\"tp:600;e:Power4.easeOut;st:a;sp:1000;sR:650;\"\n\t\t\t\t\t\t\t\tdata-frame_999=\"o:0;tp:600;e:Power2.easeOut;st:a;sR:7350;\"\n\t\t\t\t\t\t\t\tstyle=\"z-index:30;background-color:rgba(255,255,255,0.15);\"\n\t\t\t\t\t\t\t> \n\t\t\t\t\t\t\t<\/rs-layer><!--\n\n\t\t\t\t\t\t\t--><a\n\t\t\t\t\t\t\t\tid=\"slider-147-slide-107-layer-10\" \n\t\t\t\t\t\t\t\tclass=\"rs-layer rs-layer-static\"\n\t\t\t\t\t\t\t\thref=\"https:\/\/www.facebook.com\/themepunchofficial\" target=\"_blank\"\n\t\t\t\t\t\t\t\tdata-type=\"text\"\n\t\t\t\t\t\t\t\tdata-color=\"rgba(255,255,255,1)\"\n\t\t\t\t\t\t\t\tdata-xy=\"x:c;xo:-60px,-60px,-57px,-50px;y:b;yo:50px,50px,50px,40px;\"\n\t\t\t\t\t\t\t\tdata-text=\"s:25;a:center;\"\n\t\t\t\t\t\t\t\tdata-dim=\"w:30px;h:30px;\"\n\t\t\t\t\t\t\t\tdata-basealign=\"slide\"\n\t\t\t\t\t\t\t\tdata-rsp_o=\"off\"\n\t\t\t\t\t\t\t\tdata-rsp_bd=\"off\"\n\t\t\t\t\t\t\t\tdata-onslides=\"s:1;\"\n\t\t\t\t\t\t\t\tdata-triggercache=\"keep\"\n\t\t\t\t\t\t\t\tdata-frame_0=\"sX:0.9;sY:0.9;tp:600;\"\n\t\t\t\t\t\t\t\tdata-frame_1=\"tp:600;st:a;sp:1500;sR:500;\"\n\t\t\t\t\t\t\t\tdata-frame_999=\"o:0;tp:600;e:nothing;st:a;sR:7000;\"\n\t\t\t\t\t\t\t\tdata-frame_hover=\"sX:1.1;sY:1.1;oX:50;oY:50;sp:150;e:Power1.easeInOut;\"\n\t\t\t\t\t\t\t\tstyle=\"z-index:31;font-family:Roboto;cursor:pointer;\"\n\t\t\t\t\t\t\t><i class=\"fa-facebook-f\"><\/i> \n\t\t\t\t\t\t\t<\/a><!--\n\n\t\t\t\t\t\t\t--><a\n\t\t\t\t\t\t\t\tid=\"slider-147-slide-107-layer-11\" \n\t\t\t\t\t\t\t\tclass=\"rs-layer rs-layer-static\"\n\t\t\t\t\t\t\t\thref=\"https:\/\/twitter.com\/themepunch\" target=\"_blank\"\n\t\t\t\t\t\t\t\tdata-type=\"text\"\n\t\t\t\t\t\t\t\tdata-color=\"rgba(255,255,255,1)\"\n\t\t\t\t\t\t\t\tdata-xy=\"x:c;y:b;yo:50px,50px,50px,40px;\"\n\t\t\t\t\t\t\t\tdata-text=\"s:25;a:center;\"\n\t\t\t\t\t\t\t\tdata-dim=\"w:30px;h:30px;\"\n\t\t\t\t\t\t\t\tdata-basealign=\"slide\"\n\t\t\t\t\t\t\t\tdata-rsp_o=\"off\"\n\t\t\t\t\t\t\t\tdata-rsp_bd=\"off\"\n\t\t\t\t\t\t\t\tdata-onslides=\"s:1;\"\n\t\t\t\t\t\t\t\tdata-triggercache=\"keep\"\n\t\t\t\t\t\t\t\tdata-frame_0=\"sX:0.9;sY:0.9;tp:600;\"\n\t\t\t\t\t\t\t\tdata-frame_1=\"tp:600;st:a;sp:1500;sR:550;\"\n\t\t\t\t\t\t\t\tdata-frame_999=\"o:0;tp:600;e:nothing;st:a;sR:6950;\"\n\t\t\t\t\t\t\t\tdata-frame_hover=\"sX:1.1;sY:1.1;oX:50;oY:50;sp:150;e:Power1.easeInOut;\"\n\t\t\t\t\t\t\t\tstyle=\"z-index:32;font-family:Roboto;cursor:pointer;\"\n\t\t\t\t\t\t\t><i class=\"fa-twitter\"><\/i> \n\t\t\t\t\t\t\t<\/a><!--\n\n\t\t\t\t\t\t\t--><a\n\t\t\t\t\t\t\t\tid=\"slider-147-slide-107-layer-12\" \n\t\t\t\t\t\t\t\tclass=\"rs-layer rs-layer-static\"\n\t\t\t\t\t\t\t\thref=\"https:\/\/plus.google.com\/u\/0\/+ThemePunch\/posts\" target=\"_blank\"\n\t\t\t\t\t\t\t\tdata-type=\"text\"\n\t\t\t\t\t\t\t\tdata-color=\"rgba(255,255,255,1)\"\n\t\t\t\t\t\t\t\tdata-xy=\"x:c;xo:60px,60px,56px,50px;y:b;yo:50px,50px,50px,40px;\"\n\t\t\t\t\t\t\t\tdata-text=\"s:25;a:center;\"\n\t\t\t\t\t\t\t\tdata-dim=\"w:30px;h:30px;\"\n\t\t\t\t\t\t\t\tdata-basealign=\"slide\"\n\t\t\t\t\t\t\t\tdata-rsp_o=\"off\"\n\t\t\t\t\t\t\t\tdata-rsp_bd=\"off\"\n\t\t\t\t\t\t\t\tdata-onslides=\"s:1;\"\n\t\t\t\t\t\t\t\tdata-triggercache=\"keep\"\n\t\t\t\t\t\t\t\tdata-frame_0=\"sX:0.9;sY:0.9;tp:600;\"\n\t\t\t\t\t\t\t\tdata-frame_1=\"tp:600;st:a;sp:1500;sR:600;\"\n\t\t\t\t\t\t\t\tdata-frame_999=\"o:0;tp:600;e:nothing;st:a;sR:6900;\"\n\t\t\t\t\t\t\t\tdata-frame_hover=\"sX:1.1;sY:1.1;oX:50;oY:50;sp:150;e:Power1.easeInOut;\"\n\t\t\t\t\t\t\t\tstyle=\"z-index:33;font-family:Roboto;cursor:pointer;\"\n\t\t\t\t\t\t\t><i class=\"fa-google-plus\"><\/i> \n\t\t\t\t\t\t\t<\/a><!--\n\n\t\t\t\t\t\t\t--><rs-layer\n\t\t\t\t\t\t\t\tid=\"slider-147-slide-107-layer-13\" \n\t\t\t\t\t\t\t\tclass=\"tp-shape tp-shapewrapper rs-layer-static\"\n\t\t\t\t\t\t\t\tdata-type=\"shape\"\n\t\t\t\t\t\t\t\tdata-xy=\"x:c;y:b;\"\n\t\t\t\t\t\t\t\tdata-text=\"fw:100;\"\n\t\t\t\t\t\t\t\tdata-dim=\"w:100%;h:50px,50px,40px,40px;\"\n\t\t\t\t\t\t\t\tdata-actions='o:click;a:jumptoslide;slide:next;'\n\t\t\t\t\t\t\t\tdata-basealign=\"slide\"\n\t\t\t\t\t\t\t\tdata-rsp_o=\"off\"\n\t\t\t\t\t\t\t\tdata-rsp_bd=\"off\"\n\t\t\t\t\t\t\t\tdata-onslides=\"s:1;\"\n\t\t\t\t\t\t\t\tdata-frame_0=\"y:bottom;o:1;tp:600;\"\n\t\t\t\t\t\t\t\tdata-frame_1=\"tp:600;e:Power2.easeInOut;\"\n\t\t\t\t\t\t\t\tdata-frame_999=\"o:0;tp:600;e:nothing;st:w;sR:8700;\"\n\t\t\t\t\t\t\t\tdata-frame_hover=\"c:#000;bgc:rgba(255,255,255,0.10);bor:0px,0px,0px,0px;bos:solid;oX:50;oY:50;sp:200;e:Power1.easeInOut;\"\n\t\t\t\t\t\t\t\tstyle=\"z-index:22;background-color:rgba(0,0,0,0.30);cursor:pointer;\"\n\t\t\t\t\t\t\t> \n\t\t\t\t\t\t\t<\/rs-layer><!--\n\n\t\t\t\t\t\t\t--><rs-layer\n\t\t\t\t\t\t\t\tid=\"slider-147-slide-107-layer-14\" \n\t\t\t\t\t\t\t\tclass=\"rs-layer-static\"\n\t\t\t\t\t\t\t\tdata-type=\"text\"\n\t\t\t\t\t\t\t\tdata-color=\"rgba(255,255,255,1)\"\n\t\t\t\t\t\t\t\tdata-xy=\"x:c;y:b;yo:10px,10px,5px,5px;\"\n\t\t\t\t\t\t\t\tdata-text=\"l:30;a:center;\"\n\t\t\t\t\t\t\t\tdata-dim=\"w:30px;h:30px;\"\n\t\t\t\t\t\t\t\tdata-basealign=\"slide\"\n\t\t\t\t\t\t\t\tdata-rsp_o=\"off\"\n\t\t\t\t\t\t\t\tdata-rsp_bd=\"off\"\n\t\t\t\t\t\t\t\tdata-onslides=\"s:1;\"\n\t\t\t\t\t\t\t\tdata-frame_0=\"y:50px;tp:600;\"\n\t\t\t\t\t\t\t\tdata-frame_1=\"tp:600;e:Power2.easeInOut;\"\n\t\t\t\t\t\t\t\tdata-frame_999=\"o:0;tp:600;e:nothing;st:w;sR:8700;\"\n\t\t\t\t\t\t\t\tstyle=\"z-index:21;font-family:Roboto;\"\n\t\t\t\t\t\t\t><i class=\"fa-chevron-down\"><\/i> \n\t\t\t\t\t\t\t<\/rs-layer><!--\n\t\t\t\t\t--><\/rs-static-layers>\n\t\t\t\t\t<rs-progress class=\"rs-bottom\" style=\"visibility: hidden !important;\"><\/rs-progress>\n\t\t\t\t<\/rs-module>\n\t\t\t\t<script type=\"text\/javascript\">\n\t\t\t\t\tsetREVStartSize({c: 'rev_slider_147_1',rl:[1240,1024,778,480],el:[868,768,960,720],gw:[1240,1024,778,480],gh:[868,768,960,720],type:'standard',justify:'',layout:'fullscreen',offsetContainer:'',offset:'60px',mh:\"0\"});\n\t\t\t\t\tvar\trevapi147,\n\t\t\t\t\t\ttpj;\n\t\t\t\t\tjQuery(function() {\n\t\t\t\t\t\ttpj = jQuery;\n\t\t\t\t\t\tif(tpj(\"#rev_slider_147_1\").revolution == undefined){\n\t\t\t\t\t\t\trevslider_showDoubleJqueryError(\"#rev_slider_147_1\");\n\t\t\t\t\t\t}else{\n\t\t\t\t\t\t\trevapi147 = tpj(\"#rev_slider_147_1\").show().revolution({\n\t\t\t\t\t\t\t\tjsFileLocation:\"\/\/www.atasahne.com\/wp-content\/plugins\/revslider\/public\/assets\/js\/\",\n\t\t\t\t\t\t\t\tsliderLayout:\"fullscreen\",\n\t\t\t\t\t\t\t\tvisibilityLevels:\"1240,1024,778,480\",\n\t\t\t\t\t\t\t\tgridwidth:\"1240,1024,778,480\",\n\t\t\t\t\t\t\t\tgridheight:\"868,768,960,720\",\n\t\t\t\t\t\t\t\tlazyType:\"smart\",\n\t\t\t\t\t\t\t\teditorheight:\"868,768,960,720\",\n\t\t\t\t\t\t\t\tresponsiveLevels:\"1240,1024,778,480\",\n\t\t\t\t\t\t\t\tfullScreenOffset:\"60px\",\n\t\t\t\t\t\t\t\tdisableProgressBar:\"on\",\n\t\t\t\t\t\t\t\tnavigation: {\n\t\t\t\t\t\t\t\t\tmouseScrollNavigation:false,\n\t\t\t\t\t\t\t\t\tonHoverStop:false,\n\t\t\t\t\t\t\t\t\tbullets: {\n\t\t\t\t\t\t\t\t\t\tenable:true,\n\t\t\t\t\t\t\t\t\t\ttmp:\"\",\n\t\t\t\t\t\t\t\t\t\tstyle:\"hermes\",\n\t\t\t\t\t\t\t\t\t\th_align:\"right\",\n\t\t\t\t\t\t\t\t\t\tv_align:\"center\",\n\t\t\t\t\t\t\t\t\t\th_offset:20,\n\t\t\t\t\t\t\t\t\t\tv_offset:0,\n\t\t\t\t\t\t\t\t\t\tdirection:\"vertical\"\n\t\t\t\t\t\t\t\t\t}\n\t\t\t\t\t\t\t\t},\n\t\t\t\t\t\t\t\tparallax: {\n\t\t\t\t\t\t\t\t\tlevels:[5,10,15,20,25,30,35,40,45,46,47,48,49,50,51,55],\n\t\t\t\t\t\t\t\t\ttype:\"scroll\",\n\t\t\t\t\t\t\t\t\torigo:\"slidercenter\"\n\t\t\t\t\t\t\t\t},\n\t\t\t\t\t\t\t\tfallbacks: {\n\t\t\t\t\t\t\t\t\tallowHTML5AutoPlayOnAndroid:true\n\t\t\t\t\t\t\t\t},\n\t\t\t\t\t\t\t});\n\t\t\t\t\t\t\tvar delaytimer,\n    blurStart = 0,\n    blurEnd = 10,\n    blurElement = {a:blurStart}; \/\/start the blur at 0 pixels\n\nfunction applyBlur()\n{\n    punchgs.TweenLite.set(revapi147.find('rs-slide'), {webkitFilter:\"blur(\" + blurElement.a + \"px)\",filter:\"blur(\" + blurElement.a + \"px)\"});  \n};\n\njQuery('body').on('click','#toggledmenu',function() {\n  clearTimeout(delaytimer);\n  var btn = jQuery(this);\n delaytimer = setTimeout(function() {\n    if (btn.hasClass('toggled_menu'))\n       punchgs.TweenLite.to(blurElement, 0.5, {a:blurEnd, onUpdate:applyBlur});\n    else\n \t   punchgs.TweenLite.to(blurElement, 0.5, {a:blurStart, onUpdate:applyBlur});    \n  },50);\n});\n\t\t\t\t\t\t}\n\t\t\t\t\t\t\n\t\t\t\t\t});\n\t\t\t\t<\/script>\n\t\t\t\t<script>\n\t\t\t\t\tvar htmlDivCss = unescape(\"%23rev_slider_147_1_wrapper%20.hermes.tp-bullets%20%7B%0A%7D%0A%0A%23rev_slider_147_1_wrapper%20.hermes%20.tp-bullet%20%7B%0A%20%20%20%20overflow%3Ahidden%3B%0A%20%20%20%20border-radius%3A50%25%3B%0A%20%20%20%20width%3A16px%3B%0A%20%20%20%20height%3A16px%3B%0A%20%20%20%20background-color%3A%20rgba%280%2C%200%2C%200%2C%200%29%3B%0A%20%20%20%20box-shadow%3A%20inset%200%200%200%202px%20%23ffffff%3B%0A%20%20%20%20-webkit-transition%3A%20background%200.3s%20ease%3B%0A%20%20%20%20transition%3A%20background%200.3s%20ease%3B%0A%20%20%20%20position%3Aabsolute%3B%0A%7D%0A%0A%23rev_slider_147_1_wrapper%20.hermes%20.tp-bullet%3Ahover%20%7B%0A%09%20%20background-color%3A%20rgba%280%2C0%2C0%2C0.21%29%3B%0A%7D%0A%23rev_slider_147_1_wrapper%20.hermes%20.tp-bullet%3Aafter%20%7B%0A%20%20content%3A%20%27%20%27%3B%0A%20%20position%3A%20absolute%3B%0A%20%20bottom%3A%200%3B%0A%20%20height%3A%200%3B%0A%20%20left%3A%200%3B%0A%20%20width%3A%20100%25%3B%0A%20%20background-color%3A%20%23ffffff%3B%0A%20%20box-shadow%3A%200%200%201px%20%23ffffff%3B%0A%20%20-webkit-transition%3A%20height%200.3s%20ease%3B%0A%20%20transition%3A%20height%200.3s%20ease%3B%0A%7D%0A%23rev_slider_147_1_wrapper%20.hermes%20.tp-bullet.selected%3Aafter%20%7B%0A%20%20height%3A100%25%3B%0A%7D%0A%0A\");\n\t\t\t\t\tvar htmlDiv = document.getElementById('rs-plugin-settings-inline-css');\n\t\t\t\t\tif(htmlDiv) {\n\t\t\t\t\t\thtmlDiv.innerHTML = htmlDiv.innerHTML + htmlDivCss;\n\t\t\t\t\t}else{\n\t\t\t\t\t\tvar htmlDiv = document.createElement('div');\n\t\t\t\t\t\thtmlDiv.innerHTML = '<style>' + htmlDivCss + '<\/style>';\n\t\t\t\t\t\tdocument.getElementsByTagName('head')[0].appendChild(htmlDiv.childNodes[0]);\n\t\t\t\t\t}\n\t\t\t\t<\/script>\n\t\t\t\t<script>\n\t\t\t\t\tvar htmlDivCss = unescape(\"%0A%0A%0A\");\n\t\t\t\t\tvar htmlDiv = document.getElementById('rs-plugin-settings-inline-css');\n\t\t\t\t\tif(htmlDiv) {\n\t\t\t\t\t\thtmlDiv.innerHTML = htmlDiv.innerHTML + htmlDivCss;\n\t\t\t\t\t}else{\n\t\t\t\t\t\tvar htmlDiv = document.createElement('div');\n\t\t\t\t\t\thtmlDiv.innerHTML = '<style>' + htmlDivCss + '<\/style>';\n\t\t\t\t\t\tdocument.getElementsByTagName('head')[0].appendChild(htmlDiv.childNodes[0]);\n\t\t\t\t\t}\n\t\t\t\t<\/script>\n\t\t\t<\/rs-module-wrap>\n\t\t\t<!-- END REVOLUTION SLIDER -->\n<\/div><\/div><\/div><\/div>\n","protected":false},"excerpt":{"rendered":"Sahne Sanatlar\u0131 ve G\u00f6steri Merkezi ATASAHNE 1. S\u0131n\u0131f Hizmet ATASAHNE Devam\u0131 ATASAHNE","protected":false},"author":1,"featured_media":0,"parent":0,"menu_order":0,"comment_status":"closed","ping_status":"closed","template":"","meta":{"om_disable_all_campaigns":false,"_monsterinsights_skip_tracking":false,"_monsterinsights_sitenote_active":false,"_monsterinsights_sitenote_note":"","_monsterinsights_sitenote_category":0,"_EventAllDay":false,"_EventTimezone":"","_EventStartDate":"","_EventEndDate":"","_EventStartDateUTC":"","_EventEndDateUTC":"","_EventShowMap":false,"_EventShowMapLink":false,"_EventURL":"","_EventCost":"","_EventCostDescription":"","_EventCurrencySymbol":"","_EventCurrencyPosition":"","_EventDateTimeSeparator":"","_EventTimeRangeSeparator":"","_EventOrganizerID":[],"_EventVenueID":0,"_OrganizerEmail":"","_OrganizerPhone":"","_OrganizerWebsite":"","_VenueAddress":"","_VenueCity":"","_VenueCountry":"","_VenueProvince":"","_VenueZip":"","_VenuePhone":"","_VenueURL":"","_VenueStateProvince":"","_VenueLat":"","_VenueLng":"","footnotes":""},"class_list":["post-113","page","type-page","status-publish","hentry"],"_links":{"self":[{"href":"http:\/\/www.atasahne.com\/index.php\/wp-json\/wp\/v2\/pages\/113"}],"collection":[{"href":"http:\/\/www.atasahne.com\/index.php\/wp-json\/wp\/v2\/pages"}],"about":[{"href":"http:\/\/www.atasahne.com\/index.php\/wp-json\/wp\/v2\/types\/page"}],"author":[{"embeddable":true,"href":"http:\/\/www.atasahne.com\/index.php\/wp-json\/wp\/v2\/users\/1"}],"replies":[{"embeddable":true,"href":"http:\/\/www.atasahne.com\/index.php\/wp-json\/wp\/v2\/comments?post=113"}],"version-history":[{"count":18,"href":"http:\/\/www.atasahne.com\/index.php\/wp-json\/wp\/v2\/pages\/113\/revisions"}],"predecessor-version":[{"id":3883,"href":"http:\/\/www.atasahne.com\/index.php\/wp-json\/wp\/v2\/pages\/113\/revisions\/3883"}],"wp:attachment":[{"href":"http:\/\/www.atasahne.com\/index.php\/wp-json\/wp\/v2\/media?parent=113"}],"curies":[{"name":"wp","href":"https:\/\/api.w.org\/{rel}","templated":true}]}}