{"id":2193,"date":"2020-03-09T12:59:49","date_gmt":"2020-03-09T09:59:49","guid":{"rendered":"http:\/\/www.atasahne.com\/?page_id=2193"},"modified":"2020-03-10T12:38:57","modified_gmt":"2020-03-10T09:38:57","slug":"fuaye-alanlari","status":"publish","type":"page","link":"http:\/\/www.atasahne.com\/index.php\/fuaye-alanlari\/","title":{"rendered":"Fuaye Alanlar\u0131"},"content":{"rendered":"<div class=\"vc_row wpb_row lvsy-dhav-dotted vc_row-fluid\"><div class=\"wpb_column vc_column_container text-default vc_col-sm-12\"><div class=\"vc_column-inner \"><div class=\"wpb_wrapper\"><h2 style=\"text-align: left;font-family:Oswald;font-weight:400;font-style:normal\" class=\"vc_custom_heading\" >ALANLAR VE KAT PLANLARI<\/h2><h3 style=\"text-align: left;font-family:Oswald;font-weight:400;font-style:normal\" class=\"vc_custom_heading\" >FUAYE ALANLARI<\/h3><div class=\"vc_empty_space\"   style=\"height: 32px\"><span class=\"vc_empty_space_inner\"><\/span><\/div><\/div><\/div><\/div><\/div><div class=\"vc_row wpb_row lvsy-dhav-dotted vc_row-fluid\"><div class=\"wpb_column vc_column_container text-default vc_col-sm-12\"><div class=\"vc_column-inner \"><div class=\"wpb_wrapper\"><\/div><\/div><\/div><\/div><div class=\"vc_row wpb_row lvsy-dhav-dotted vc_row-fluid\"><div class=\"wpb_column vc_column_container text-default vc_col-sm-12\"><div class=\"vc_column-inner \"><div class=\"wpb_wrapper\">\n\t<div class=\"wpb_text_column wpb_content_element  vc_custom_1583747914600\" >\n\t\t<div class=\"wpb_wrapper\">\n\t\t\t<h3 style=\"text-align: center;\"><strong>GENEL<\/strong><\/h3>\n<h4 style=\"text-align: center;\">Sergi, fuar ve tan\u0131t\u0131m etkinliklerinde kullan\u0131lmak \u00fczere, tesisin kendine ait, iki katta toplam 1.743,06 m<sup>2<\/sup> kapal\u0131 fuaye alan\u0131 ve 566 m2\u2019lik a\u00e7\u0131k fuaye alan\u0131 bulunmaktad\u0131r.<\/h4>\n\n\t\t<\/div>\n\t<\/div>\n<\/div><\/div><\/div><\/div><div class=\"vc_row wpb_row lvsy-dhav-dotted vc_row-fluid\"><div class=\"wpb_column vc_column_container text-default vc_col-sm-12\"><div class=\"vc_column-inner \"><div class=\"wpb_wrapper\">\n\t<div class=\"wpb_text_column wpb_content_element  vc_custom_1583747939984\" >\n\t\t<div class=\"wpb_wrapper\">\n\t\t\t<h3 style=\"text-align: center;\"><strong>ZEM\u0130N KAT FUAYE<br \/>\n<\/strong><\/h3>\n<h4 style=\"text-align: center;\">Oditoryum giri\u015f fuayesi 920m2 kullan\u0131m alan\u0131na sahiptir. Bu alan\u0131n i\u00e7erisinde ayr\u0131ca vestiyer ve kafeterya alanlar\u0131 bulunmaktad\u0131r.<\/h4>\n\n\t\t<\/div>\n\t<\/div>\n<\/div><\/div><\/div><\/div><div class=\"vc_row wpb_row lvsy-dhav-dotted vc_row-fluid\"><div class=\"wpb_column vc_column_container text-default vc_col-sm-12\"><div class=\"vc_column-inner \"><div class=\"wpb_wrapper\">\n\t<div class=\"wpb_text_column wpb_content_element  vc_custom_1583747974057\" >\n\t\t<div class=\"wpb_wrapper\">\n\t\t\t<h3 style=\"text-align: center;\"><strong>BODRUM KAT FUAYE<br \/>\n<\/strong><\/h3>\n<h4 style=\"text-align: center;\">822 m2 kullan\u0131m alan\u0131na sahip olup, sergi, fuar, tan\u0131t\u0131m, kokteyl, \u00e7ay-kahve molas\u0131 vb. hizmetler i\u00e7in servis kapasitesini artt\u0131rmaktad\u0131r.<\/h4>\n\n\t\t<\/div>\n\t<\/div>\n<\/div><\/div><\/div><\/div><div class=\"vc_row wpb_row lvsy-dhav-dotted vc_row-fluid\"><div class=\"wpb_column vc_column_container text-default vc_col-sm-12\"><div class=\"vc_column-inner \"><div class=\"wpb_wrapper\"><\/div><\/div><\/div><\/div><div class=\"vc_row wpb_row lvsy-dhav-dotted vc_row-fluid\"><div class=\"wpb_column vc_column_container text-default vc_col-sm-12\"><div class=\"vc_column-inner \"><div class=\"wpb_wrapper\"><div class=\"wpb_gallery wpb_content_element vc_clearfix\" ><div class=\"wpb_wrapper\"><div class=\"wpb_gallery_slides wpb_image_grid\" data-interval=\"3\"><ul class=\"wpb_image_grid_ul\"><li class=\"isotope-item\"><a class=\"prettyphoto\" href=\"http:\/\/www.atasahne.com\/wp-content\/uploads\/2020\/03\/ERA02756-copy-1024x683.jpg\" data-rel=\"prettyPhoto[rel-2193-2701591399]\"><img loading=\"lazy\" decoding=\"async\" class=\"\" src=\"http:\/\/www.atasahne.com\/wp-content\/uploads\/2020\/03\/ERA02756-copy-400x200.jpg\" width=\"400\" height=\"200\" alt=\"ERA02756 copy\" title=\"ERA02756 copy\" \/><\/a><\/li><li class=\"isotope-item\"><a class=\"prettyphoto\" href=\"http:\/\/www.atasahne.com\/wp-content\/uploads\/2020\/03\/ERA02682-copy-1024x638.jpg\" data-rel=\"prettyPhoto[rel-2193-2701591399]\"><img loading=\"lazy\" decoding=\"async\" class=\"\" src=\"http:\/\/www.atasahne.com\/wp-content\/uploads\/2020\/03\/ERA02682-copy-400x200.jpg\" width=\"400\" height=\"200\" alt=\"ERA02682 copy\" title=\"ERA02682 copy\" \/><\/a><\/li><\/ul><\/div><\/div><\/div><\/div><\/div><\/div><\/div>\n","protected":false},"excerpt":{"rendered":"ALANLAR VE KAT PLANLARIFUAYE ALANLARI GENEL Sergi, fuar ve tan\u0131t\u0131m etkinliklerinde kullan\u0131lmak \u00fczere, tesisin kendine ait, iki katta toplam 1.743,06 m2 kapal\u0131 fuaye alan\u0131 ve 566 m2\u2019lik a\u00e7\u0131k fuaye alan\u0131 [...]","protected":false},"author":1,"featured_media":0,"parent":0,"menu_order":0,"comment_status":"closed","ping_status":"closed","template":"","meta":{"om_disable_all_campaigns":false,"_monsterinsights_skip_tracking":false,"_monsterinsights_sitenote_active":false,"_monsterinsights_sitenote_note":"","_monsterinsights_sitenote_category":0,"_EventAllDay":false,"_EventTimezone":"","_EventStartDate":"","_EventEndDate":"","_EventStartDateUTC":"","_EventEndDateUTC":"","_EventShowMap":false,"_EventShowMapLink":false,"_EventURL":"","_EventCost":"","_EventCostDescription":"","_EventCurrencySymbol":"","_EventCurrencyPosition":"","_EventDateTimeSeparator":"","_EventTimeRangeSeparator":"","_EventOrganizerID":[],"_EventVenueID":0,"_OrganizerEmail":"","_OrganizerPhone":"","_OrganizerWebsite":"","_VenueAddress":"","_VenueCity":"","_VenueCountry":"","_VenueProvince":"","_VenueZip":"","_VenuePhone":"","_VenueURL":"","_VenueStateProvince":"","_VenueLat":"","_VenueLng":"","footnotes":""},"class_list":["post-2193","page","type-page","status-publish","hentry"],"_links":{"self":[{"href":"http:\/\/www.atasahne.com\/index.php\/wp-json\/wp\/v2\/pages\/2193"}],"collection":[{"href":"http:\/\/www.atasahne.com\/index.php\/wp-json\/wp\/v2\/pages"}],"about":[{"href":"http:\/\/www.atasahne.com\/index.php\/wp-json\/wp\/v2\/types\/page"}],"author":[{"embeddable":true,"href":"http:\/\/www.atasahne.com\/index.php\/wp-json\/wp\/v2\/users\/1"}],"replies":[{"embeddable":true,"href":"http:\/\/www.atasahne.com\/index.php\/wp-json\/wp\/v2\/comments?post=2193"}],"version-history":[{"count":1,"href":"http:\/\/www.atasahne.com\/index.php\/wp-json\/wp\/v2\/pages\/2193\/revisions"}],"predecessor-version":[{"id":2194,"href":"http:\/\/www.atasahne.com\/index.php\/wp-json\/wp\/v2\/pages\/2193\/revisions\/2194"}],"wp:attachment":[{"href":"http:\/\/www.atasahne.com\/index.php\/wp-json\/wp\/v2\/media?parent=2193"}],"curies":[{"name":"wp","href":"https:\/\/api.w.org\/{rel}","templated":true}]}}