{"id":2195,"date":"2020-03-09T13:25:27","date_gmt":"2020-03-09T10:25:27","guid":{"rendered":"http:\/\/www.atasahne.com\/?page_id=2195"},"modified":"2020-03-10T12:39:29","modified_gmt":"2020-03-10T09:39:29","slug":"diger","status":"publish","type":"page","link":"http:\/\/www.atasahne.com\/index.php\/diger\/","title":{"rendered":"Di\u011fer Alanlar"},"content":{"rendered":"<div class=\"vc_row wpb_row lvsy-dhav-dotted vc_row-fluid\"><div class=\"wpb_column vc_column_container text-default vc_col-sm-12\"><div class=\"vc_column-inner \"><div class=\"wpb_wrapper\"><h2 style=\"text-align: left;font-family:Oswald;font-weight:400;font-style:normal\" class=\"vc_custom_heading\" >ALANLAR VE KAT PLANLARI<\/h2><h3 style=\"text-align: left;font-family:Oswald;font-weight:400;font-style:normal\" class=\"vc_custom_heading\" >D\u0130\u011eER ALANLAR<\/h3><div class=\"vc_empty_space\"   style=\"height: 32px\"><span class=\"vc_empty_space_inner\"><\/span><\/div><\/div><\/div><\/div><\/div><div class=\"vc_row wpb_row lvsy-dhav-dotted vc_row-fluid\"><div class=\"wpb_column vc_column_container text-default vc_col-sm-12\"><div class=\"vc_column-inner \"><div class=\"wpb_wrapper\"><\/div><\/div><\/div><\/div><div class=\"vc_row wpb_row lvsy-dhav-dotted vc_row-fluid\"><div class=\"wpb_column vc_column_container text-default vc_col-sm-12\"><div class=\"vc_column-inner \"><div class=\"wpb_wrapper\">\n\t<div class=\"wpb_text_column wpb_content_element  vc_custom_1583749429136\" >\n\t\t<div class=\"wpb_wrapper\">\n\t\t\t<h3 style=\"text-align: center;\"><strong>REJ\u0130 ODASI<br \/>\n<\/strong><\/h3>\n<h4 style=\"text-align: center;\">Reji odas\u0131 1. katta (asma kat) bulunmaktad\u0131r. Son teknoloji ekipman ile donat\u0131lm\u0131\u015f olan odada t\u00fcm teknik kontroller yap\u0131labilmektedir.<\/h4>\n\n\t\t<\/div>\n\t<\/div>\n<\/div><\/div><\/div><\/div><div class=\"vc_row wpb_row lvsy-dhav-dotted vc_row-fluid\"><div class=\"wpb_column vc_column_container text-default vc_col-sm-12\"><div class=\"vc_column-inner \"><div class=\"wpb_wrapper\">\n\t<div class=\"wpb_text_column wpb_content_element  vc_custom_1583749451793\" >\n\t\t<div class=\"wpb_wrapper\">\n\t\t\t<h3 style=\"text-align: center;\"><strong>S\u0130M\u00dcLTANE ODALARI<br \/>\n<\/strong><\/h3>\n<h4 style=\"text-align: center;\">Reji odas\u0131n\u0131n sa\u011f ve sol yanlar\u0131nda, ayr\u0131 olarak, ses yal\u0131t\u0131ml\u0131, sahneyi g\u00f6rebilen sim\u00fcltane odalar\u0131 bulunmaktad\u0131r.<\/h4>\n\n\t\t<\/div>\n\t<\/div>\n<\/div><\/div><\/div><\/div><div class=\"vc_row wpb_row lvsy-dhav-dotted vc_row-fluid\"><div class=\"wpb_column vc_column_container text-default vc_col-sm-12\"><div class=\"vc_column-inner \"><div class=\"wpb_wrapper\">\n\t<div class=\"wpb_text_column wpb_content_element  vc_custom_1583749474113\" >\n\t\t<div class=\"wpb_wrapper\">\n\t\t\t<h3 style=\"text-align: center;\"><strong>VEST\u0130YER<br \/>\n<\/strong><\/h3>\n<h4 style=\"text-align: center;\">Zemin kat fuaye aln\u0131n\u0131n i\u00e7erisinde 161,58 m2&#8217;lik vestiyer alan\u0131 bulunmaktad\u0131r.<\/h4>\n\n\t\t<\/div>\n\t<\/div>\n<\/div><\/div><\/div><\/div><div class=\"vc_row wpb_row lvsy-dhav-dotted vc_row-fluid\"><div class=\"wpb_column vc_column_container text-default vc_col-sm-12\"><div class=\"vc_column-inner \"><div class=\"wpb_wrapper\">\n\t<div class=\"wpb_text_column wpb_content_element  vc_custom_1583749498379\" >\n\t\t<div class=\"wpb_wrapper\">\n\t\t\t<h3 style=\"text-align: center;\"><strong>KAFETERYA<br \/>\n<\/strong><\/h3>\n<h4 style=\"text-align: center;\">Zemin kat fuaye alan\u0131 i\u00e7erisinde 151,87 m2&#8217;lik kafeterya\/servis alan\u0131 bulunmaktad\u0131r.<\/h4>\n\n\t\t<\/div>\n\t<\/div>\n<\/div><\/div><\/div><\/div><div class=\"vc_row wpb_row lvsy-dhav-dotted vc_row-fluid\"><div class=\"wpb_column vc_column_container text-default vc_col-sm-12\"><div class=\"vc_column-inner \"><div class=\"wpb_wrapper\">\n\t<div class=\"wpb_text_column wpb_content_element  vc_custom_1583749521128\" >\n\t\t<div class=\"wpb_wrapper\">\n\t\t\t<h3 style=\"text-align: center;\"><strong>KAFETERYA \u00d6N\u00dc TERAS<br \/>\n<\/strong><\/h3>\n<h4 style=\"text-align: center;\">Kafeteryadan \u00e7\u0131k\u0131\u015f\u0131 olan 66 m2&#8217;lik a\u00e7\u0131k alan teras bulunmaktad\u0131r.<\/h4>\n\n\t\t<\/div>\n\t<\/div>\n<\/div><\/div><\/div><\/div><div class=\"vc_row wpb_row lvsy-dhav-dotted vc_row-fluid\"><div class=\"wpb_column vc_column_container text-default vc_col-sm-12\"><div class=\"vc_column-inner \"><div class=\"wpb_wrapper\"><\/div><\/div><\/div><\/div><div class=\"vc_row wpb_row lvsy-dhav-dotted vc_row-fluid\"><div class=\"wpb_column vc_column_container text-default vc_col-sm-12\"><div class=\"vc_column-inner \"><div class=\"wpb_wrapper\"><div class=\"wpb_gallery wpb_content_element vc_clearfix\" ><div class=\"wpb_wrapper\"><div class=\"wpb_gallery_slides wpb_image_grid\" data-interval=\"3\"><ul class=\"wpb_image_grid_ul\"><li class=\"isotope-item\"><a class=\"prettyphoto\" href=\"http:\/\/www.atasahne.com\/wp-content\/uploads\/2020\/03\/ERA02756-copy-1024x683.jpg\" data-rel=\"prettyPhoto[rel-2195-3976319732]\"><img loading=\"lazy\" decoding=\"async\" class=\"\" src=\"http:\/\/www.atasahne.com\/wp-content\/uploads\/2020\/03\/ERA02756-copy-400x200.jpg\" width=\"400\" height=\"200\" alt=\"ERA02756 copy\" title=\"ERA02756 copy\" \/><\/a><\/li><li class=\"isotope-item\"><a class=\"prettyphoto\" href=\"http:\/\/www.atasahne.com\/wp-content\/uploads\/2020\/03\/ERA02682-copy-1024x638.jpg\" data-rel=\"prettyPhoto[rel-2195-3976319732]\"><img loading=\"lazy\" decoding=\"async\" class=\"\" src=\"http:\/\/www.atasahne.com\/wp-content\/uploads\/2020\/03\/ERA02682-copy-400x200.jpg\" width=\"400\" height=\"200\" alt=\"ERA02682 copy\" title=\"ERA02682 copy\" \/><\/a><\/li><\/ul><\/div><\/div><\/div><\/div><\/div><\/div><\/div>\n","protected":false},"excerpt":{"rendered":"ALANLAR VE KAT PLANLARID\u0130\u011eER ALANLAR REJ\u0130 ODASI Reji odas\u0131 1. katta (asma kat) bulunmaktad\u0131r. Son teknoloji ekipman ile donat\u0131lm\u0131\u015f olan odada t\u00fcm teknik kontroller yap\u0131labilmektedir. S\u0130M\u00dcLTANE ODALARI Reji odas\u0131n\u0131n sa\u011f [...]","protected":false},"author":1,"featured_media":0,"parent":0,"menu_order":0,"comment_status":"closed","ping_status":"closed","template":"","meta":{"om_disable_all_campaigns":false,"_monsterinsights_skip_tracking":false,"_monsterinsights_sitenote_active":false,"_monsterinsights_sitenote_note":"","_monsterinsights_sitenote_category":0,"_EventAllDay":false,"_EventTimezone":"","_EventStartDate":"","_EventEndDate":"","_EventStartDateUTC":"","_EventEndDateUTC":"","_EventShowMap":false,"_EventShowMapLink":false,"_EventURL":"","_EventCost":"","_EventCostDescription":"","_EventCurrencySymbol":"","_EventCurrencyPosition":"","_EventDateTimeSeparator":"","_EventTimeRangeSeparator":"","_EventOrganizerID":[],"_EventVenueID":0,"_OrganizerEmail":"","_OrganizerPhone":"","_OrganizerWebsite":"","_VenueAddress":"","_VenueCity":"","_VenueCountry":"","_VenueProvince":"","_VenueZip":"","_VenuePhone":"","_VenueURL":"","_VenueStateProvince":"","_VenueLat":"","_VenueLng":"","footnotes":""},"class_list":["post-2195","page","type-page","status-publish","hentry"],"_links":{"self":[{"href":"http:\/\/www.atasahne.com\/index.php\/wp-json\/wp\/v2\/pages\/2195"}],"collection":[{"href":"http:\/\/www.atasahne.com\/index.php\/wp-json\/wp\/v2\/pages"}],"about":[{"href":"http:\/\/www.atasahne.com\/index.php\/wp-json\/wp\/v2\/types\/page"}],"author":[{"embeddable":true,"href":"http:\/\/www.atasahne.com\/index.php\/wp-json\/wp\/v2\/users\/1"}],"replies":[{"embeddable":true,"href":"http:\/\/www.atasahne.com\/index.php\/wp-json\/wp\/v2\/comments?post=2195"}],"version-history":[{"count":1,"href":"http:\/\/www.atasahne.com\/index.php\/wp-json\/wp\/v2\/pages\/2195\/revisions"}],"predecessor-version":[{"id":2196,"href":"http:\/\/www.atasahne.com\/index.php\/wp-json\/wp\/v2\/pages\/2195\/revisions\/2196"}],"wp:attachment":[{"href":"http:\/\/www.atasahne.com\/index.php\/wp-json\/wp\/v2\/media?parent=2195"}],"curies":[{"name":"wp","href":"https:\/\/api.w.org\/{rel}","templated":true}]}}