{"id":2199,"date":"2020-03-09T13:28:58","date_gmt":"2020-03-09T10:28:58","guid":{"rendered":"http:\/\/www.atasahne.com\/?page_id=2199"},"modified":"2020-03-10T12:41:18","modified_gmt":"2020-03-10T09:41:18","slug":"hizmetlerimiz","status":"publish","type":"page","link":"http:\/\/www.atasahne.com\/index.php\/hizmetlerimiz\/","title":{"rendered":"Hizmetler"},"content":{"rendered":"<div class=\"vc_row wpb_row lvsy-dhav-dotted vc_row-fluid\"><div class=\"wpb_column vc_column_container text-default vc_col-sm-12\"><div class=\"vc_column-inner \"><div class=\"wpb_wrapper\"><h2 style=\"text-align: left;font-family:Oswald;font-weight:400;font-style:normal\" class=\"vc_custom_heading\" >H\u0130ZMETLER<\/h2><div class=\"vc_empty_space\"   style=\"height: 32px\"><span class=\"vc_empty_space_inner\"><\/span><\/div><\/div><\/div><\/div><\/div><div class=\"vc_row wpb_row lvsy-dhav-dotted vc_row-fluid\"><div class=\"wpb_column vc_column_container text-default vc_col-sm-12\"><div class=\"vc_column-inner \"><div class=\"wpb_wrapper\"><\/div><\/div><\/div><\/div><div class=\"vc_row wpb_row lvsy-dhav-dotted vc_row-fluid\"><div class=\"wpb_column vc_column_container text-default vc_col-sm-12\"><div class=\"vc_column-inner \"><div class=\"wpb_wrapper\">\n\t<div class=\"wpb_text_column wpb_content_element  vc_custom_1583749654088\" >\n\t\t<div class=\"wpb_wrapper\">\n\t\t\t<h3 style=\"text-align: center;\"><strong>TEKN\u0130K H\u0130ZMETLER<br \/>\n<\/strong><\/h3>\n<h4 style=\"text-align: center;\">ATA Sahne, son teknoloji ekipmanlar\u0131 ve i\u015finde uzman personeli ile ihtiya\u00e7 duydu\u011funuz her organizasyonda ses, \u0131\u015f\u0131k, g\u00f6r\u00fcnt\u00fc ve sahne donan\u0131m\u0131 konusunda \u00e7\u00f6z\u00fcmler sunmaktad\u0131r.<\/h4>\n\n\t\t<\/div>\n\t<\/div>\n<\/div><\/div><\/div><\/div><div class=\"vc_row wpb_row lvsy-dhav-dotted vc_row-fluid\"><div class=\"wpb_column vc_column_container text-default vc_col-sm-12\"><div class=\"vc_column-inner \"><div class=\"wpb_wrapper\">\n\t<div class=\"wpb_text_column wpb_content_element  vc_custom_1583749679794\" >\n\t\t<div class=\"wpb_wrapper\">\n\t\t\t<h3 style=\"text-align: center;\"><strong>Y\u0130YECEK-\u0130\u00c7ECEK H\u0130ZMETLER\u0130<br \/>\n<\/strong><\/h3>\n<h4 style=\"text-align: center;\">ATA Sahne, en kaliteli malzemeler kullan\u0131larak haz\u0131rlanan, sa\u011fl\u0131kl\u0131, taze, \u00e7e\u015fitli damak tatlar\u0131na hitap eden ve \u00f6zel beslenme ihtiya\u00e7lar\u0131n\u0131 kar\u015f\u0131layabilen yemekler sunmaktad\u0131r.<\/h4>\n\n\t\t<\/div>\n\t<\/div>\n<\/div><\/div><\/div><\/div><div class=\"vc_row wpb_row lvsy-dhav-dotted vc_row-fluid\"><div class=\"wpb_column vc_column_container text-default vc_col-sm-12\"><div class=\"vc_column-inner \"><div class=\"wpb_wrapper\">\n\t<div class=\"wpb_text_column wpb_content_element  vc_custom_1583749699560\" >\n\t\t<div class=\"wpb_wrapper\">\n\t\t\t<h3 style=\"text-align: center;\"><strong>G\u00dcVENL\u0130K<br \/>\n<\/strong><\/h3>\n<h4 style=\"text-align: center;\">ATA Sahne, yerle\u015fke giri\u015f kap\u0131s\u0131ndan ba\u015flayarak otopark, bina kap\u0131lar\u0131 ve fuaye\/salon i\u00e7lerinde \u00f6zel g\u00fcvenlik personeli konusunda \u00e7\u00f6z\u00fcmler sunmaktad\u0131r.<\/h4>\n\n\t\t<\/div>\n\t<\/div>\n<\/div><\/div><\/div><\/div><div class=\"vc_row wpb_row lvsy-dhav-dotted vc_row-fluid\"><div class=\"wpb_column vc_column_container text-default vc_col-sm-12\"><div class=\"vc_column-inner \"><div class=\"wpb_wrapper\">\n\t<div class=\"wpb_text_column wpb_content_element  vc_custom_1583749718439\" >\n\t\t<div class=\"wpb_wrapper\">\n\t\t\t<h3 style=\"text-align: center;\"><strong>OTOPARK<br \/>\n<\/strong><\/h3>\n<h4 style=\"text-align: center;\">ATA Sahne, ana giri\u015f kap\u0131s\u0131na en yak\u0131n mesafede 250-270 ara\u00e7l\u0131k otopark\u0131m\u0131z bulunmaktad\u0131r. Ara\u00e7 say\u0131s\u0131n\u0131n artmas\u0131 halinde yerle\u015fke i\u00e7erisindeki en yak\u0131n \u00e7evre otoparklar hizmete a\u00e7\u0131larak kapasite artt\u0131r\u0131lmaktad\u0131r.<\/h4>\n\n\t\t<\/div>\n\t<\/div>\n<\/div><\/div><\/div><\/div><div class=\"vc_row wpb_row lvsy-dhav-dotted vc_row-fluid\"><div class=\"wpb_column vc_column_container text-default vc_col-sm-12\"><div class=\"vc_column-inner \"><div class=\"wpb_wrapper\"><\/div><\/div><\/div><\/div><div class=\"vc_row wpb_row lvsy-dhav-dotted vc_row-fluid\"><div class=\"wpb_column vc_column_container text-default vc_col-sm-12\"><div class=\"vc_column-inner \"><div class=\"wpb_wrapper\"><div class=\"wpb_gallery wpb_content_element vc_clearfix\" ><div class=\"wpb_wrapper\"><div class=\"wpb_gallery_slides wpb_image_grid\" data-interval=\"3\"><ul class=\"wpb_image_grid_ul\"><li class=\"isotope-item\"><a class=\"prettyphoto\" href=\"http:\/\/www.atasahne.com\/wp-content\/uploads\/2020\/03\/ERA02756-copy-1024x683.jpg\" data-rel=\"prettyPhoto[rel-2199-278442658]\"><img loading=\"lazy\" decoding=\"async\" class=\"\" src=\"http:\/\/www.atasahne.com\/wp-content\/uploads\/2020\/03\/ERA02756-copy-400x200.jpg\" width=\"400\" height=\"200\" alt=\"ERA02756 copy\" title=\"ERA02756 copy\" \/><\/a><\/li><li class=\"isotope-item\"><a class=\"prettyphoto\" href=\"http:\/\/www.atasahne.com\/wp-content\/uploads\/2020\/03\/ERA02682-copy-1024x638.jpg\" data-rel=\"prettyPhoto[rel-2199-278442658]\"><img loading=\"lazy\" decoding=\"async\" class=\"\" src=\"http:\/\/www.atasahne.com\/wp-content\/uploads\/2020\/03\/ERA02682-copy-400x200.jpg\" width=\"400\" height=\"200\" alt=\"ERA02682 copy\" title=\"ERA02682 copy\" \/><\/a><\/li><\/ul><\/div><\/div><\/div><\/div><\/div><\/div><\/div>\n","protected":false},"excerpt":{"rendered":"H\u0130ZMETLER TEKN\u0130K H\u0130ZMETLER ATA Sahne, son teknoloji ekipmanlar\u0131 ve i\u015finde uzman personeli ile ihtiya\u00e7 duydu\u011funuz her organizasyonda ses, \u0131\u015f\u0131k, g\u00f6r\u00fcnt\u00fc ve sahne donan\u0131m\u0131 konusunda \u00e7\u00f6z\u00fcmler sunmaktad\u0131r. Y\u0130YECEK-\u0130\u00c7ECEK H\u0130ZMETLER\u0130 ATA Sahne, [...]","protected":false},"author":1,"featured_media":0,"parent":0,"menu_order":0,"comment_status":"closed","ping_status":"closed","template":"","meta":{"om_disable_all_campaigns":false,"_monsterinsights_skip_tracking":false,"_monsterinsights_sitenote_active":false,"_monsterinsights_sitenote_note":"","_monsterinsights_sitenote_category":0,"_EventAllDay":false,"_EventTimezone":"","_EventStartDate":"","_EventEndDate":"","_EventStartDateUTC":"","_EventEndDateUTC":"","_EventShowMap":false,"_EventShowMapLink":false,"_EventURL":"","_EventCost":"","_EventCostDescription":"","_EventCurrencySymbol":"","_EventCurrencyPosition":"","_EventDateTimeSeparator":"","_EventTimeRangeSeparator":"","_EventOrganizerID":[],"_EventVenueID":0,"_OrganizerEmail":"","_OrganizerPhone":"","_OrganizerWebsite":"","_VenueAddress":"","_VenueCity":"","_VenueCountry":"","_VenueProvince":"","_VenueZip":"","_VenuePhone":"","_VenueURL":"","_VenueStateProvince":"","_VenueLat":"","_VenueLng":"","footnotes":""},"class_list":["post-2199","page","type-page","status-publish","hentry"],"_links":{"self":[{"href":"http:\/\/www.atasahne.com\/index.php\/wp-json\/wp\/v2\/pages\/2199"}],"collection":[{"href":"http:\/\/www.atasahne.com\/index.php\/wp-json\/wp\/v2\/pages"}],"about":[{"href":"http:\/\/www.atasahne.com\/index.php\/wp-json\/wp\/v2\/types\/page"}],"author":[{"embeddable":true,"href":"http:\/\/www.atasahne.com\/index.php\/wp-json\/wp\/v2\/users\/1"}],"replies":[{"embeddable":true,"href":"http:\/\/www.atasahne.com\/index.php\/wp-json\/wp\/v2\/comments?post=2199"}],"version-history":[{"count":1,"href":"http:\/\/www.atasahne.com\/index.php\/wp-json\/wp\/v2\/pages\/2199\/revisions"}],"predecessor-version":[{"id":2201,"href":"http:\/\/www.atasahne.com\/index.php\/wp-json\/wp\/v2\/pages\/2199\/revisions\/2201"}],"wp:attachment":[{"href":"http:\/\/www.atasahne.com\/index.php\/wp-json\/wp\/v2\/media?parent=2199"}],"curies":[{"name":"wp","href":"https:\/\/api.w.org\/{rel}","templated":true}]}}