{"id":2217,"date":"2020-03-09T15:42:50","date_gmt":"2020-03-09T12:42:50","guid":{"rendered":"http:\/\/www.atasahne.com\/?page_id=2217"},"modified":"2020-03-10T09:01:51","modified_gmt":"2020-03-10T06:01:51","slug":"iletisim","status":"publish","type":"page","link":"http:\/\/www.atasahne.com\/index.php\/iletisim\/","title":{"rendered":"\u0130leti\u015fim"},"content":{"rendered":"<div class=\"vc_row wpb_row lvsy-dhav-dotted vc_row-fluid\"><div class=\"wpb_column vc_column_container text-default vc_col-sm-6\"><div class=\"vc_column-inner \"><div class=\"wpb_wrapper\">\n\t<div  class=\"wpb_single_image wpb_content_element vc_align_left\">\n\t\t\n\t\t<figure class=\"wpb_wrapper vc_figure\">\n\t\t\t<div class=\"vc_single_image-wrapper   vc_box_border_grey\"><img loading=\"lazy\" decoding=\"async\" width=\"1024\" height=\"677\" src=\"http:\/\/www.atasahne.com\/wp-content\/uploads\/2020\/03\/ERA02653-copy-1024x677.jpg\" class=\"vc_single_image-img attachment-large\" alt=\"\" srcset=\"http:\/\/www.atasahne.com\/wp-content\/uploads\/2020\/03\/ERA02653-copy-1024x677.jpg 1024w, http:\/\/www.atasahne.com\/wp-content\/uploads\/2020\/03\/ERA02653-copy-300x198.jpg 300w, http:\/\/www.atasahne.com\/wp-content\/uploads\/2020\/03\/ERA02653-copy-768x508.jpg 768w, http:\/\/www.atasahne.com\/wp-content\/uploads\/2020\/03\/ERA02653-copy-1536x1016.jpg 1536w, http:\/\/www.atasahne.com\/wp-content\/uploads\/2020\/03\/ERA02653-copy-440x291.jpg 440w, http:\/\/www.atasahne.com\/wp-content\/uploads\/2020\/03\/ERA02653-copy.jpg 1900w\" sizes=\"(max-width: 1024px) 100vw, 1024px\" \/><\/div>\n\t\t<\/figure>\n\t<\/div>\n<\/div><\/div><\/div><div class=\"wpb_column vc_column_container text-default vc_col-sm-6\"><div class=\"vc_column-inner \"><div class=\"wpb_wrapper\">\n\t<div class=\"wpb_text_column wpb_content_element \" >\n\t\t<div class=\"wpb_wrapper\">\n\t\t\t<h3 style=\"text-align: center;\"><strong>Adres<\/strong><\/h3>\n<p style=\"text-align: center;\"><strong>ATA SAHNE Sanatlar\u0131 ve G\u00f6steri Merkezi, Ta\u015fp\u0131nar Mah. 2800. C. No: 5, 06830 \u0130ncek, Ankara, T\u00fcrkiye<\/strong><\/p>\n<h3 style=\"text-align: center;\"><strong>E-posta<\/strong><\/h3>\n<p style=\"text-align: center;\"><strong><a href=\"mailto:etkinlik@atasahne.com\">etkinlik@atasahne.com<\/a><\/strong><\/p>\n<h3 style=\"text-align: center;\"><strong>Telefon<\/strong><\/h3>\n<p style=\"text-align: center;\"><strong>+90 (312) 586 90 40<\/strong><\/p>\n<h3 style=\"text-align: center;\"><strong>Faks<\/strong><\/h3>\n<p style=\"text-align: center;\"><strong>+90 (312) 586 90 33<\/strong><\/p>\n\n\t\t<\/div>\n\t<\/div>\n<\/div><\/div><\/div><\/div><div class=\"vc_row wpb_row lvsy-dhav-dotted vc_row-fluid\"><div class=\"wpb_column vc_column_container text-default vc_col-sm-12\"><div class=\"vc_column-inner \"><div class=\"wpb_wrapper\"><div class=\"vc_empty_space\"   style=\"height: 32px\"><span class=\"vc_empty_space_inner\"><\/span><\/div><\/div><\/div><\/div><\/div><div data-vc-full-width=\"true\" data-vc-full-width-init=\"false\" data-vc-stretch-content=\"true\" class=\"vc_row wpb_row lvsy-dhav-dotted vc_row-fluid\"><div class=\"wpb_column vc_column_container text-default vc_col-sm-12\"><div class=\"vc_column-inner \"><div class=\"wpb_wrapper\"><div id=\"map-69df0eb553cc7\" class=\"lvsy-map  lvsy-gmap-69df0eb553cc7\"><\/div>    <script type=\"text\/javascript\">\n    \/\/ Custom Map Script\n    jQuery(document).ready(function($) {\n      $(\"#map-69df0eb553cc7\").googleMap({\n        zoom: 16,\n        type: \"ROADMAP\",\n        styles: [{featureType:'all',elementType:'all',stylers:[{saturation: -100}]}],\n        streetViewControl: false,\n        scrollwheel: false,\n        mapTypeControl: false,\n                    coords: [39.827539, 32.775478],\n                  });\n            $(\"#map-69df0eb553cc7\").addMarker({\n        coords: [39.827539, 32.775478],\n        icon: 'http:\/\/www.atasahne.com\/wp-content\/plugins\/livesay-core\/assets\/images\/map-marker.png',\n                      });\n          });\n    <\/script>\n<\/div><\/div><\/div><\/div><div class=\"vc_row-full-width vc_clearfix\"><\/div>\n","protected":false},"excerpt":{"rendered":"Adres ATA SAHNE Sanatlar\u0131 ve G\u00f6steri Merkezi, Ta\u015fp\u0131nar Mah. 2800. C. No: 5, 06830 \u0130ncek, Ankara, T\u00fcrkiye E-posta etkinlik@atasahne.com Telefon +90 (312) 586 90 40 Faks +90 (312) 586 90 [...]","protected":false},"author":1,"featured_media":0,"parent":0,"menu_order":0,"comment_status":"closed","ping_status":"closed","template":"","meta":{"om_disable_all_campaigns":false,"_monsterinsights_skip_tracking":false,"_monsterinsights_sitenote_active":false,"_monsterinsights_sitenote_note":"","_monsterinsights_sitenote_category":0,"_EventAllDay":false,"_EventTimezone":"","_EventStartDate":"","_EventEndDate":"","_EventStartDateUTC":"","_EventEndDateUTC":"","_EventShowMap":false,"_EventShowMapLink":false,"_EventURL":"","_EventCost":"","_EventCostDescription":"","_EventCurrencySymbol":"","_EventCurrencyPosition":"","_EventDateTimeSeparator":"","_EventTimeRangeSeparator":"","_EventOrganizerID":[],"_EventVenueID":0,"_OrganizerEmail":"","_OrganizerPhone":"","_OrganizerWebsite":"","_VenueAddress":"","_VenueCity":"","_VenueCountry":"","_VenueProvince":"","_VenueZip":"","_VenuePhone":"","_VenueURL":"","_VenueStateProvince":"","_VenueLat":"","_VenueLng":"","footnotes":""},"class_list":["post-2217","page","type-page","status-publish","hentry"],"_links":{"self":[{"href":"http:\/\/www.atasahne.com\/index.php\/wp-json\/wp\/v2\/pages\/2217"}],"collection":[{"href":"http:\/\/www.atasahne.com\/index.php\/wp-json\/wp\/v2\/pages"}],"about":[{"href":"http:\/\/www.atasahne.com\/index.php\/wp-json\/wp\/v2\/types\/page"}],"author":[{"embeddable":true,"href":"http:\/\/www.atasahne.com\/index.php\/wp-json\/wp\/v2\/users\/1"}],"replies":[{"embeddable":true,"href":"http:\/\/www.atasahne.com\/index.php\/wp-json\/wp\/v2\/comments?post=2217"}],"version-history":[{"count":0,"href":"http:\/\/www.atasahne.com\/index.php\/wp-json\/wp\/v2\/pages\/2217\/revisions"}],"wp:attachment":[{"href":"http:\/\/www.atasahne.com\/index.php\/wp-json\/wp\/v2\/media?parent=2217"}],"curies":[{"name":"wp","href":"https:\/\/api.w.org\/{rel}","templated":true}]}}